{"id":777,"date":"2020-07-15T11:30:03","date_gmt":"2020-07-15T11:30:03","guid":{"rendered":"https:\/\/elchigre1769.com\/the-menu\/"},"modified":"2025-12-24T09:11:09","modified_gmt":"2025-12-24T09:11:09","slug":"the-menu","status":"publish","type":"page","link":"https:\/\/elchigre1769.com\/en\/the-menu\/","title":{"rendered":"The Menu"},"content":{"rendered":"<p>[et_pb_section fb_built=&#8221;1&#8243; _builder_version=&#8221;4.16&#8243; background_image=&#8221;https:\/\/elchigre1769.com\/wp-content\/uploads\/2017\/02\/elchigre_fondo6.jpg&#8221; da_disable_devices=&#8221;off|off|off&#8221; global_colors_info=&#8221;{}&#8221; da_is_popup=&#8221;off&#8221; da_exit_intent=&#8221;off&#8221; da_has_close=&#8221;on&#8221; da_alt_close=&#8221;off&#8221; da_dark_close=&#8221;off&#8221; da_not_modal=&#8221;on&#8221; da_is_singular=&#8221;off&#8221; da_with_loader=&#8221;off&#8221; da_has_shadow=&#8221;on&#8221;][et_pb_row column_structure=&#8221;1_4,1_2,1_4&#8243; _builder_version=&#8221;4.16&#8243; custom_padding=&#8221;||2px|||&#8221; global_colors_info=&#8221;{}&#8221;][et_pb_column type=&#8221;1_4&#8243; _builder_version=&#8221;4.16&#8243; global_colors_info=&#8221;{}&#8221;][\/et_pb_column][et_pb_column type=&#8221;1_2&#8243; _builder_version=&#8221;4.16&#8243; global_colors_info=&#8221;{}&#8221;][et_pb_text _builder_version=&#8221;4.16&#8243; global_colors_info=&#8221;{}&#8221;]<\/p>\n<h1 style=\"text-align: center;\">The Menu<\/h1>\n<p>[\/et_pb_text][\/et_pb_column][et_pb_column type=&#8221;1_4&#8243; _builder_version=&#8221;4.16&#8243; global_colors_info=&#8221;{}&#8221;][\/et_pb_column][\/et_pb_row][et_pb_row _builder_version=&#8221;4.25.0&#8243; _module_preset=&#8221;default&#8221; max_width=&#8221;1280px&#8221; custom_padding=&#8221;7px|||||&#8221; global_colors_info=&#8221;{}&#8221;][et_pb_column type=&#8221;4_4&#8243; _builder_version=&#8221;4.25.0&#8243; _module_preset=&#8221;default&#8221; global_colors_info=&#8221;{}&#8221;][et_pb_code raw_content_tablet=&#8221;&#8221; raw_content_phone=&#8221;<iframe src=%22https:\/\/elchigre1769.com\/wp-content\/uploads\/2024\/04\/CHIGRE-carta-mar24-es.pdf%22 width=%22100%%22 height=%22500px%22><\/iframe>&#8221; raw_content_last_edited=&#8221;on|phone&#8221; _builder_version=&#8221;4.27.5&#8243; _module_preset=&#8221;default&#8221; hover_enabled=&#8221;0&#8243; global_colors_info=&#8221;{}&#8221; sticky_enabled=&#8221;0&#8243;]<iframe loading=\"lazy\" src=\"https:\/\/elchigre1769.com\/wp-content\/uploads\/2025\/12\/CARTA-CHIGRE-INGLES-DICIEMBRE-2025.pdf\" width=\"100%\" height=\"1700px\"><\/iframe>[\/et_pb_code][et_pb_code raw_content_tablet=&#8221;&#8221; raw_content_phone=&#8221;<iframe src=%22https:\/\/elchigre1769.com\/wp-content\/uploads\/2024\/04\/CHIGRE-carta-mar24-es.pdf%22 width=%22100%%22 height=%22500px%22><\/iframe>&#8221; raw_content_last_edited=&#8221;on|phone&#8221; _builder_version=&#8221;4.27.5&#8243; _module_preset=&#8221;default&#8221; hover_enabled=&#8221;0&#8243; global_colors_info=&#8221;{}&#8221; sticky_enabled=&#8221;0&#8243;]<iframe loading=\"lazy\" src=\"https:\/\/elchigre1769.com\/wp-content\/uploads\/2025\/12\/CARTA-VINOS-CHIGRE-diciembre-2025.pdf\" width=\"100%\" height=\"1700px\"><\/iframe>[\/et_pb_code][\/et_pb_column][\/et_pb_row][\/et_pb_section]<\/p>\n","protected":false},"excerpt":{"rendered":"<p>The Menu<\/p>\n","protected":false},"author":2,"featured_media":0,"parent":0,"menu_order":0,"comment_status":"closed","ping_status":"closed","template":"","meta":{"_et_pb_use_builder":"on","_et_pb_old_content":"","_et_gb_content_width":"","footnotes":"","_links_to":"","_links_to_target":""},"class_list":["post-777","page","type-page","status-publish","hentry"],"yoast_head":"<!-- This site is optimized with the Yoast SEO plugin v27.5 - https:\/\/yoast.com\/product\/yoast-seo-wordpress\/ -->\n<title>The Menu - ElChigre1769<\/title>\n<meta name=\"robots\" content=\"index, follow, max-snippet:-1, max-image-preview:large, max-video-preview:-1\" \/>\n<link rel=\"canonical\" href=\"https:\/\/elchigre1769.com\/en\/the-menu\/\" \/>\n<meta property=\"og:locale\" content=\"en_US\" \/>\n<meta property=\"og:type\" content=\"article\" \/>\n<meta property=\"og:title\" content=\"The Menu - ElChigre1769\" \/>\n<meta property=\"og:description\" content=\"The Menu\" \/>\n<meta property=\"og:url\" content=\"https:\/\/elchigre1769.com\/en\/the-menu\/\" \/>\n<meta property=\"og:site_name\" content=\"ElChigre1769\" \/>\n<meta property=\"article:modified_time\" content=\"2025-12-24T09:11:09+00:00\" \/>\n<meta name=\"twitter:card\" content=\"summary_large_image\" \/>\n<meta name=\"twitter:label1\" content=\"Est. reading time\" \/>\n\t<meta name=\"twitter:data1\" content=\"1 minute\" \/>\n<script type=\"application\/ld+json\" class=\"yoast-schema-graph\">{\"@context\":\"https:\\\/\\\/schema.org\",\"@graph\":[{\"@type\":\"WebPage\",\"@id\":\"https:\\\/\\\/elchigre1769.com\\\/en\\\/the-menu\\\/\",\"url\":\"https:\\\/\\\/elchigre1769.com\\\/en\\\/the-menu\\\/\",\"name\":\"The Menu - ElChigre1769\",\"isPartOf\":{\"@id\":\"https:\\\/\\\/elchigre1769.com\\\/en\\\/#website\"},\"datePublished\":\"2020-07-15T11:30:03+00:00\",\"dateModified\":\"2025-12-24T09:11:09+00:00\",\"breadcrumb\":{\"@id\":\"https:\\\/\\\/elchigre1769.com\\\/en\\\/the-menu\\\/#breadcrumb\"},\"inLanguage\":\"en-US\",\"potentialAction\":[{\"@type\":\"ReadAction\",\"target\":[\"https:\\\/\\\/elchigre1769.com\\\/en\\\/the-menu\\\/\"]}]},{\"@type\":\"BreadcrumbList\",\"@id\":\"https:\\\/\\\/elchigre1769.com\\\/en\\\/the-menu\\\/#breadcrumb\",\"itemListElement\":[{\"@type\":\"ListItem\",\"position\":1,\"name\":\"Portada\",\"item\":\"https:\\\/\\\/elchigre1769.com\\\/en\\\/\"},{\"@type\":\"ListItem\",\"position\":2,\"name\":\"The Menu\"}]},{\"@type\":\"WebSite\",\"@id\":\"https:\\\/\\\/elchigre1769.com\\\/en\\\/#website\",\"url\":\"https:\\\/\\\/elchigre1769.com\\\/en\\\/\",\"name\":\"ElChigre1769\",\"description\":\"Somos una sidrer\u00eda\\\/vermuter\u00eda \u201ccatariana\u201d con dos tierras, dos lenguas, dos cocinas con un \u00fanico di\u00e1logo, la gastronom\u00eda y un \u00fanico objetivo, \u201cfartarse\u201d.\",\"potentialAction\":[{\"@type\":\"SearchAction\",\"target\":{\"@type\":\"EntryPoint\",\"urlTemplate\":\"https:\\\/\\\/elchigre1769.com\\\/en\\\/?s={search_term_string}\"},\"query-input\":{\"@type\":\"PropertyValueSpecification\",\"valueRequired\":true,\"valueName\":\"search_term_string\"}}],\"inLanguage\":\"en-US\"}]}<\/script>\n<!-- \/ Yoast SEO plugin. -->","yoast_head_json":{"title":"The Menu - ElChigre1769","robots":{"index":"index","follow":"follow","max-snippet":"max-snippet:-1","max-image-preview":"max-image-preview:large","max-video-preview":"max-video-preview:-1"},"canonical":"https:\/\/elchigre1769.com\/en\/the-menu\/","og_locale":"en_US","og_type":"article","og_title":"The Menu - ElChigre1769","og_description":"The Menu","og_url":"https:\/\/elchigre1769.com\/en\/the-menu\/","og_site_name":"ElChigre1769","article_modified_time":"2025-12-24T09:11:09+00:00","twitter_card":"summary_large_image","twitter_misc":{"Est. reading time":"1 minute"},"schema":{"@context":"https:\/\/schema.org","@graph":[{"@type":"WebPage","@id":"https:\/\/elchigre1769.com\/en\/the-menu\/","url":"https:\/\/elchigre1769.com\/en\/the-menu\/","name":"The Menu - ElChigre1769","isPartOf":{"@id":"https:\/\/elchigre1769.com\/en\/#website"},"datePublished":"2020-07-15T11:30:03+00:00","dateModified":"2025-12-24T09:11:09+00:00","breadcrumb":{"@id":"https:\/\/elchigre1769.com\/en\/the-menu\/#breadcrumb"},"inLanguage":"en-US","potentialAction":[{"@type":"ReadAction","target":["https:\/\/elchigre1769.com\/en\/the-menu\/"]}]},{"@type":"BreadcrumbList","@id":"https:\/\/elchigre1769.com\/en\/the-menu\/#breadcrumb","itemListElement":[{"@type":"ListItem","position":1,"name":"Portada","item":"https:\/\/elchigre1769.com\/en\/"},{"@type":"ListItem","position":2,"name":"The Menu"}]},{"@type":"WebSite","@id":"https:\/\/elchigre1769.com\/en\/#website","url":"https:\/\/elchigre1769.com\/en\/","name":"ElChigre1769","description":"Somos una sidrer\u00eda\/vermuter\u00eda \u201ccatariana\u201d con dos tierras, dos lenguas, dos cocinas con un \u00fanico di\u00e1logo, la gastronom\u00eda y un \u00fanico objetivo, \u201cfartarse\u201d.","potentialAction":[{"@type":"SearchAction","target":{"@type":"EntryPoint","urlTemplate":"https:\/\/elchigre1769.com\/en\/?s={search_term_string}"},"query-input":{"@type":"PropertyValueSpecification","valueRequired":true,"valueName":"search_term_string"}}],"inLanguage":"en-US"}]}},"_links":{"self":[{"href":"https:\/\/elchigre1769.com\/en\/wp-json\/wp\/v2\/pages\/777","targetHints":{"allow":["GET"]}}],"collection":[{"href":"https:\/\/elchigre1769.com\/en\/wp-json\/wp\/v2\/pages"}],"about":[{"href":"https:\/\/elchigre1769.com\/en\/wp-json\/wp\/v2\/types\/page"}],"author":[{"embeddable":true,"href":"https:\/\/elchigre1769.com\/en\/wp-json\/wp\/v2\/users\/2"}],"replies":[{"embeddable":true,"href":"https:\/\/elchigre1769.com\/en\/wp-json\/wp\/v2\/comments?post=777"}],"version-history":[{"count":8,"href":"https:\/\/elchigre1769.com\/en\/wp-json\/wp\/v2\/pages\/777\/revisions"}],"predecessor-version":[{"id":958,"href":"https:\/\/elchigre1769.com\/en\/wp-json\/wp\/v2\/pages\/777\/revisions\/958"}],"wp:attachment":[{"href":"https:\/\/elchigre1769.com\/en\/wp-json\/wp\/v2\/media?parent=777"}],"curies":[{"name":"wp","href":"https:\/\/api.w.org\/{rel}","templated":true}]}}